{"id":1066,"date":"2021-11-10T20:07:47","date_gmt":"2021-11-10T20:07:47","guid":{"rendered":"https:\/\/araceligarcia.es\/?page_id=1066"},"modified":"2022-04-13T18:07:35","modified_gmt":"2022-04-13T18:07:35","slug":"poesia-y-prosa-poetica","status":"publish","type":"page","link":"https:\/\/araceligarcia.es\/?page_id=1066","title":{"rendered":"Poes\u00eda y prosa po\u00e9tica"},"content":{"rendered":"\n<div class=\"wp-block-group has-blush-light-purple-gradient-background has-background\"><div class=\"wp-block-group__inner-container is-layout-flow wp-block-group-is-layout-flow\">\n<ul class=\"wp-block-list\"><li><strong><a rel=\"noreferrer noopener\" href=\"https:\/\/araceligarcia.es\/wp-content\/uploads\/2021\/10\/centinela.htm\" target=\"_blank\">Centinela de mis sue\u00f1os<\/a>       <\/strong>                         <\/li><li><strong><a rel=\"noreferrer noopener\" href=\"https:\/\/araceligarcia.es\/wp-content\/uploads\/2021\/10\/ojos_de_luz.htm\" target=\"_blank\">Ojos de luz   <\/a>    <\/strong>                                                           <\/li><li><strong><a rel=\"noreferrer noopener\" href=\"https:\/\/araceligarcia.es\/wp-content\/uploads\/2021\/10\/Mipequenaorquidea.htm\" target=\"_blank\">Mi peque\u00f1a orqu\u00eddea<\/a>   <\/strong>                                              <strong><a href=\"https:\/\/araceligarcia.es\/wp-content\/uploads\/2021\/11\/Riachuelo-de-agua-fresca.htm\"> <\/a><\/strong><\/li><li><strong><a rel=\"noreferrer noopener\" href=\"https:\/\/araceligarcia.es\/wp-content\/uploads\/2021\/10\/luminaria.htm\" target=\"_blank\">Luminaria<\/a>  <\/strong>                                                                  <strong><a href=\"https:\/\/araceligarcia.es\/wp-content\/uploads\/2021\/10\/De-penas-y-piedades.htm\"> <\/a><\/strong><\/li><li><strong><a rel=\"noreferrer noopener\" href=\"https:\/\/araceligarcia.es\/wp-content\/uploads\/2021\/10\/otra_huida.htm\" target=\"_blank\">Otra huida<\/a> <\/strong>                                                                                                                 <\/li><li><strong><a rel=\"noreferrer noopener\" href=\"https:\/\/araceligarcia.es\/wp-content\/uploads\/2021\/10\/quizasmanana.htm\" target=\"_blank\">Quiz\u00e1s ma\u00f1ana<\/a><\/strong>                                                           <\/li><li><strong><a rel=\"noreferrer noopener\" href=\"https:\/\/araceligarcia.es\/wp-content\/uploads\/2021\/10\/semilla_de_mi_ocaso.htm\" target=\"_blank\">Semilla de mi ocaso<\/a> <\/strong>                                                  <\/li><li><strong> <a rel=\"noreferrer noopener\" href=\"https:\/\/araceligarcia.es\/wp-content\/uploads\/2021\/10\/acrostico.htm\" target=\"_blank\">Acr\u00f3stico<\/a>   <\/strong><\/li><li><strong> <a rel=\"noreferrer noopener\" href=\"https:\/\/araceligarcia.es\/wp-content\/uploads\/2021\/10\/fui.htm\" target=\"_blank\">Fui<\/a>   <\/strong><\/li><li><strong> <a rel=\"noreferrer noopener\" href=\"https:\/\/araceligarcia.es\/wp-content\/uploads\/2021\/10\/y_mi_pluma_sigue_callada.htm\" target=\"_blank\">Y mi pluma sigue callada<\/a> <\/strong><\/li><li><strong> <a rel=\"noreferrer noopener\" href=\"https:\/\/araceligarcia.es\/wp-content\/uploads\/2021\/10\/pajarosllorando.htm\" target=\"_blank\">P\u00e1jaros llorando<\/a>   <\/strong><\/li><li><strong> <a href=\"https:\/\/araceligarcia.es\/wp-content\/uploads\/2021\/10\/no__pudo.htm\">No pudo<\/a>   <\/strong><\/li><li><strong><a href=\"https:\/\/araceligarcia.es\/wp-content\/uploads\/2021\/10\/sumisos.htm\">Sumisos<\/a> \u00a0 <\/strong><\/li><li><strong><a href=\"https:\/\/araceligarcia.es\/wp-content\/uploads\/2021\/10\/quise.htm\">Quise<\/a>   <\/strong><\/li><li><strong><a href=\"https:\/\/araceligarcia.es\/wp-content\/uploads\/2021\/10\/la_despedida.htm\">La despedida<\/a> <\/strong><\/li><li><strong><a href=\"https:\/\/araceligarcia.es\/wp-content\/uploads\/2021\/10\/cuando_me_vaya.htm\">Cuando me vaya<\/a>\u00a0 <\/strong><\/li><li><strong><a href=\"https:\/\/araceligarcia.es\/wp-content\/uploads\/2021\/10\/anoche.htm\">Anoche<\/a>   <\/strong><\/li><li><strong><a href=\"https:\/\/araceligarcia.es\/wp-content\/uploads\/2021\/10\/violetas_mutiladas1.htm\">Violetas mutiladas<\/a> <\/strong><\/li><li><strong><a rel=\"noreferrer noopener\" href=\"https:\/\/araceligarcia.es\/wp-content\/uploads\/2021\/10\/para__ti.html\" target=\"_blank\">Para\u00a0 ti<\/a>  <\/strong><\/li><li><strong><a rel=\"noreferrer noopener\" href=\"https:\/\/araceligarcia.es\/wp-content\/uploads\/2021\/10\/quiero_ser.html\" target=\"_blank\">Quiero ser<\/a>  <\/strong><\/li><li><strong><a rel=\"noreferrer noopener\" href=\"https:\/\/araceligarcia.es\/wp-content\/uploads\/2021\/10\/entre_llantos.html\" target=\"_blank\">Entre llantos<\/a>  <\/strong><\/li><li><strong><a rel=\"noreferrer noopener\" href=\"https:\/\/araceligarcia.es\/wp-content\/uploads\/2021\/10\/tanencampanas.html\" target=\"_blank\">Ta\u00f1en campanas<\/a>  <\/strong><\/li><li><strong><a rel=\"noreferrer noopener\" href=\"https:\/\/araceligarcia.es\/wp-content\/uploads\/2021\/10\/de_nuestros_versos_desechados.html\" target=\"_blank\">De nuestros versos desechados<\/a>  <\/strong><\/li><li><strong><a rel=\"noreferrer noopener\" href=\"https:\/\/araceligarcia.es\/wp-content\/uploads\/2021\/10\/sin_ti.html\" target=\"_blank\">Sin ti<\/a>  <\/strong><\/li><li><strong><a rel=\"noreferrer noopener\" href=\"https:\/\/araceligarcia.es\/wp-content\/uploads\/2021\/10\/tu_recuerdo.html\" target=\"_blank\">Tu recuerdo<\/a>  <\/strong><\/li><li><strong><a rel=\"noreferrer noopener\" href=\"https:\/\/araceligarcia.es\/wp-content\/uploads\/2021\/10\/unasolarazon1.html\" target=\"_blank\">Una sola raz\u00f3n<\/a>   <\/strong><\/li><li><strong><a href=\"https:\/\/araceligarcia.es\/wp-content\/uploads\/2021\/10\/verso_esencial.html\">Verso esencial<\/a>  <\/strong><\/li><li><strong><a rel=\"noreferrer noopener\" href=\"https:\/\/araceligarcia.es\/wp-content\/uploads\/2021\/10\/dueles.htm\" target=\"_blank\">Dueles<\/a>  <\/strong><\/li><li><strong><a rel=\"noreferrer noopener\" href=\"https:\/\/araceligarcia.es\/wp-content\/uploads\/2021\/10\/raptos_invocados.htm\" target=\"_blank\">Disparo<\/a><a rel=\"noreferrer noopener\" href=\"raptos_invocados.htm\" target=\"_blank\">s<\/a>  <\/strong><\/li><li><strong><a href=\"https:\/\/araceligarcia.es\/wp-content\/uploads\/2021\/10\/solo.htm\">Solo<\/a>  <\/strong><\/li><li><strong><a href=\"https:\/\/araceligarcia.es\/wp-content\/uploads\/2021\/10\/mi_sigiloso_obsequio.htm\">Mi sigiloso obsequio<\/a>  <\/strong><\/li><li><strong><a href=\"https:\/\/araceligarcia.es\/wp-content\/uploads\/2021\/10\/fragilidad.htm\">Fragilidad<\/a>\u00a0  <\/strong><\/li><li><strong><a href=\"https:\/\/araceligarcia.es\/wp-content\/uploads\/2021\/10\/parairene.htm\">Para Irene<\/a>   <\/strong><\/li><li><strong><a href=\"https:\/\/araceligarcia.es\/wp-content\/uploads\/2021\/10\/la_voz.htm\">La voz<\/a>   <\/strong><\/li><li><strong><a href=\"https:\/\/araceligarcia.es\/wp-content\/uploads\/2021\/10\/detener_el_tiempo.htm\">Detener el tiempo<\/a>  <\/strong><\/li><li><strong><a href=\"https:\/\/araceligarcia.es\/wp-content\/uploads\/2021\/10\/tu_refugio.htm\">Tu refugio<\/a>   <\/strong><\/li><li><strong><a href=\"https:\/\/araceligarcia.es\/wp-content\/uploads\/2021\/10\/me_alimenta_la_esperanza.htm\">Me alimenta la e<\/a><a href=\"me_alimenta_la_esperanza.htm\">speranza<\/a>   <\/strong><\/li><li><strong><a rel=\"noreferrer noopener\" href=\"https:\/\/araceligarcia.es\/wp-content\/uploads\/2021\/10\/quisiera1.html\" target=\"_blank\">Quisiera<\/a>  <\/strong><\/li><li><strong><a rel=\"noreferrer noopener\" href=\"https:\/\/araceligarcia.es\/wp-content\/uploads\/2021\/10\/vendranlluvias1.html\" target=\"_blank\">Vendr\u00e1n lluvias<\/a> <\/strong><\/li><li><strong><a rel=\"noreferrer noopener\" href=\"https:\/\/araceligarcia.es\/wp-content\/uploads\/2021\/10\/tonos_negros.html\" target=\"_blank\">Tonos n<\/a><a rel=\"noreferrer noopener\" href=\"tonos_negros.html\" target=\"_blank\">egros<\/a>   <\/strong><\/li><li><strong><a rel=\"noreferrer noopener\" href=\"https:\/\/araceligarcia.es\/wp-content\/uploads\/2021\/10\/amor_cotidiano.html\" target=\"_blank\">Amor cotidiano<\/a>   <\/strong><\/li><li><strong><a rel=\"noreferrer noopener\" href=\"https:\/\/araceligarcia.es\/wp-content\/uploads\/2021\/10\/descalza1.html\" target=\"_blank\">Descalza<\/a>   <\/strong><\/li><li><strong><a rel=\"noreferrer noopener\" href=\"https:\/\/araceligarcia.es\/wp-content\/uploads\/2021\/10\/palabrashibridas1.html\" target=\"_blank\">Palabras h\u00edbridas<\/a>  <\/strong><\/li><li><strong><a rel=\"noreferrer noopener\" href=\"https:\/\/araceligarcia.es\/wp-content\/uploads\/2021\/10\/prendes_la_locura.html\" target=\"_blank\">Prendes la locura<\/a>  <\/strong><\/li><li><strong><a rel=\"noreferrer noopener\" href=\"https:\/\/araceligarcia.es\/wp-content\/uploads\/2021\/10\/raicesdefracaso1.html\" target=\"_blank\">Ra\u00edces de fracasos<\/a>  <\/strong><\/li><li><strong><a rel=\"noreferrer noopener\" href=\"https:\/\/araceligarcia.es\/wp-content\/uploads\/2021\/10\/aquel12demayo.htm\" target=\"_blank\">Aquel 12 de mayo<\/a> <\/strong><\/li><li><strong><a rel=\"noreferrer noopener\" href=\"https:\/\/araceligarcia.es\/wp-content\/uploads\/2021\/10\/brillos_fatuos.htm\" target=\"_blank\">Brillos Fatuos<\/a>  <\/strong><\/li><li><strong><a href=\"https:\/\/araceligarcia.es\/wp-content\/uploads\/2021\/10\/de_caminos.htm\">De caminos, piedras y cancelas\u00a0<\/a>\u00a0 <\/strong><\/li><li><strong><a href=\"https:\/\/araceligarcia.es\/wp-content\/uploads\/2021\/10\/los_lazos.htm\">Los lazos<\/a>\u00a0 <\/strong><\/li><li><strong><a href=\"https:\/\/araceligarcia.es\/wp-content\/uploads\/2021\/10\/sobre_la_serpiente.htm\">Sobre la serpiente I<\/a>  <\/strong><\/li><li><strong><a href=\"https:\/\/araceligarcia.es\/wp-content\/uploads\/2021\/10\/sobre_la_serpiente2.htm\">Sobre la serpiente (II)<\/a>\u00a0<\/strong><\/li><li><strong><a href=\"https:\/\/araceligarcia.es\/wp-content\/uploads\/2021\/10\/no_hay_camino.htm\">No hay camino<\/a><\/strong><\/li><li><strong><a href=\"https:\/\/araceligarcia.es\/wp-content\/uploads\/2021\/10\/Versos-malheridos.htm\">Versos Malheridos<\/a><\/strong><\/li><li><strong><a href=\"https:\/\/araceligarcia.es\/wp-content\/uploads\/2021\/10\/Sin-tregua.htm\" data-type=\"URL\" data-id=\"https:\/\/araceligarcia.es\/wp-content\/uploads\/2021\/10\/Sin-tregua.htm\">Se acab\u00f3<\/a><\/strong><\/li><li><strong><a href=\"https:\/\/araceligarcia.es\/wp-content\/uploads\/2021\/10\/De-penas-y-piedades.htm\">De penas y piedades<\/a><\/strong><\/li><li><strong><a href=\"https:\/\/araceligarcia.es\/wp-content\/uploads\/Fervor-anudado.pdf\">Fervor anudado<\/a><\/strong><\/li><\/ul>\n<\/div><\/div>\n\n\n\n<div class=\"wp-block-group\"><div class=\"wp-block-group__inner-container is-layout-flow wp-block-group-is-layout-flow\"><div class=\"gb-grid-wrapper gb-grid-wrapper-4f29ffbf\">\n<div class=\"gb-grid-column gb-grid-column-83acf03c\"><div class=\"gb-container gb-container-83acf03c\"><div class=\"gb-inside-container\"><\/div><\/div><\/div>\n\n<div class=\"gb-grid-column gb-grid-column-d3a8564c\"><div class=\"gb-container gb-container-d3a8564c\"><div class=\"gb-inside-container\"><\/div><\/div><\/div>\n\n<div class=\"gb-grid-column gb-grid-column-0a18f400\"><div class=\"gb-container gb-container-0a18f400\"><div class=\"gb-inside-container\"><\/div><\/div><\/div>\n<\/div><\/div><\/div>\n","protected":false},"excerpt":{"rendered":"<p>Centinela de mis sue\u00f1os Ojos de luz Mi peque\u00f1a orqu\u00eddea Luminaria Otra huida Quiz\u00e1s ma\u00f1ana Semilla de mi ocaso Acr\u00f3stico Fui Y mi pluma sigue callada P\u00e1jaros llorando No pudo Sumisos \u00a0 Quise La despedida Cuando me vaya\u00a0 Anoche Violetas mutiladas Para\u00a0 ti Quiero ser Entre llantos Ta\u00f1en campanas De nuestros versos desechados Sin ti &#8230; <a title=\"Poes\u00eda y prosa po\u00e9tica\" class=\"read-more\" href=\"https:\/\/araceligarcia.es\/?page_id=1066\" aria-label=\"Leer m\u00e1s sobre Poes\u00eda y prosa po\u00e9tica\">Leer m\u00e1s<\/a><\/p>\n","protected":false},"author":2,"featured_media":0,"parent":0,"menu_order":0,"comment_status":"open","ping_status":"closed","template":"","meta":{"footnotes":""},"class_list":["post-1066","page","type-page","status-publish"],"_links":{"self":[{"href":"https:\/\/araceligarcia.es\/index.php?rest_route=\/wp\/v2\/pages\/1066","targetHints":{"allow":["GET"]}}],"collection":[{"href":"https:\/\/araceligarcia.es\/index.php?rest_route=\/wp\/v2\/pages"}],"about":[{"href":"https:\/\/araceligarcia.es\/index.php?rest_route=\/wp\/v2\/types\/page"}],"author":[{"embeddable":true,"href":"https:\/\/araceligarcia.es\/index.php?rest_route=\/wp\/v2\/users\/2"}],"replies":[{"embeddable":true,"href":"https:\/\/araceligarcia.es\/index.php?rest_route=%2Fwp%2Fv2%2Fcomments&post=1066"}],"version-history":[{"count":10,"href":"https:\/\/araceligarcia.es\/index.php?rest_route=\/wp\/v2\/pages\/1066\/revisions"}],"predecessor-version":[{"id":1202,"href":"https:\/\/araceligarcia.es\/index.php?rest_route=\/wp\/v2\/pages\/1066\/revisions\/1202"}],"wp:attachment":[{"href":"https:\/\/araceligarcia.es\/index.php?rest_route=%2Fwp%2Fv2%2Fmedia&parent=1066"}],"curies":[{"name":"wp","href":"https:\/\/api.w.org\/{rel}","templated":true}]}}